{"id":195,"date":"2025-09-10T09:31:11","date_gmt":"2025-09-10T09:31:11","guid":{"rendered":"https:\/\/stelly-fc.com\/?page_id=195"},"modified":"2026-02-10T16:40:39","modified_gmt":"2026-02-10T15:40:39","slug":"tarif-video","status":"publish","type":"page","link":"https:\/\/stelly-fc.com\/en\/tarif-video\/","title":{"rendered":"Price video"},"content":{"rendered":"<div class=\"wp-block-group has-border-color has-background has-global-padding is-layout-constrained wp-block-group-is-layout-constrained\" style=\"border-color:#1a0a2b;border-width:12px;border-top-left-radius:16px;border-top-right-radius:16px;border-bottom-left-radius:16px;border-bottom-right-radius:16px;background-color:#1a0a2b\">\n<h1 class=\"wp-block-heading has-text-align-center has-x-large-font-size\"><strong>300\u20ac\/ day<\/strong><\/h1>\n\n\n\n<p class=\"has-text-align-center has-large-font-size\">Or 150\u20ac for half a day<\/p>\n\n\n\n<p class=\"has-text-align-center has-medium-font-size\">For all types of video !<\/p>\n<\/div>\n\n\n\n<div class=\"wp-block-group alignwide has-border-color has-background has-global-padding is-layout-constrained wp-block-group-is-layout-constrained\" style=\"border-color:#1a0a2b;border-width:12px;border-top-left-radius:16px;border-top-right-radius:16px;border-bottom-left-radius:16px;border-bottom-right-radius:16px;background-color:#1a0a2b\">\n<h1 class=\"wp-block-heading alignwide has-medium-font-size\" style=\"line-height:1.2\">I offer my skills in video editing. But that's not all! I can give movement to your pictures with motion design and animate your characters with 2D animation.<\/h1>\n<\/div>\n\n\n\n<div class=\"wp-block-group alignfull has-global-padding is-layout-constrained wp-container-core-group-is-layout-b25ccd55 wp-block-group-is-layout-constrained\" style=\"margin-top:0;margin-bottom:0;padding-top:var(--wp--preset--spacing--50);padding-right:var(--wp--preset--spacing--50);padding-bottom:var(--wp--preset--spacing--50);padding-left:var(--wp--preset--spacing--50)\">\n<div class=\"wp-block-group has-border-color has-background has-global-padding is-layout-constrained wp-block-group-is-layout-constrained\" style=\"border-color:#1a0a2b;border-width:12px;border-top-left-radius:16px;border-top-right-radius:16px;border-bottom-left-radius:16px;border-bottom-right-radius:16px;background-color:#1a0a2b\">\n<h2 class=\"wp-block-heading has-large-font-size\"><strong>Video editing<\/strong><\/h2>\n\n\n\n<p class=\"has-medium-font-size\">If you have video rushes, I can take care of the editing in order to give them pace with some special effects.<\/p>\n\n\n\n<figure class=\"wp-block-video\"><video height=\"1080\" style=\"aspect-ratio: 1920 \/ 1080;\" width=\"1920\" controls src=\"https:\/\/stelly-fc.com\/wp-content\/uploads\/2025\/09\/exemlple-montage-video.mp4\"><\/video><\/figure>\n<\/div>\n\n\n\n<div style=\"height:50px\" aria-hidden=\"true\" class=\"wp-block-spacer\"><\/div>\n\n\n\n<div class=\"wp-block-columns is-layout-flex wp-container-core-columns-is-layout-28f84493 wp-block-columns-is-layout-flex\">\n<div class=\"wp-block-column has-border-color has-background is-layout-flow wp-block-column-is-layout-flow\" style=\"border-color:#1a0a2b;border-width:12px;border-top-left-radius:16px;border-top-right-radius:16px;border-bottom-left-radius:16px;border-bottom-right-radius:16px;background-color:#1a0a2b;flex-basis:100%\">\n<h2 class=\"wp-block-heading alignwide has-large-font-size\"><strong>Motion design<\/strong><\/h2>\n\n\n\n<div class=\"wp-block-group has-global-padding is-layout-constrained wp-block-group-is-layout-constrained\">\n<p class=\"has-medium-font-size\">Motion designing is about adding movement to still images. Wether it is an illustration, a logo or a photo, I can make them dynamic in order to add more life in your videos.<\/p>\n\n\n\n<figure class=\"wp-block-video\"><video height=\"1080\" style=\"aspect-ratio: 1920 \/ 1080;\" width=\"1920\" controls src=\"https:\/\/stelly-fc.com\/wp-content\/uploads\/2025\/09\/motion-design.mp4\"><\/video><\/figure>\n<\/div>\n<\/div>\n<\/div>\n\n\n\n<div style=\"height:50px\" aria-hidden=\"true\" class=\"wp-block-spacer\"><\/div>\n\n\n\n<div class=\"wp-block-group has-border-color has-background has-global-padding is-layout-constrained wp-block-group-is-layout-constrained\" style=\"border-color:#1a0a2b;border-width:12px;border-top-left-radius:16px;border-top-right-radius:16px;border-bottom-left-radius:16px;border-bottom-right-radius:16px;background-color:#1a0a2b\">\n<h2 class=\"wp-block-heading has-large-font-size\"><strong>2D animation<\/strong><\/h2>\n\n\n\n<p class=\"has-text-align-left has-medium-font-size\">I can do two types of 2D animation<\/p>\n<\/div>\n\n\n\n<div class=\"wp-block-group has-border-color has-background has-global-padding is-layout-constrained wp-block-group-is-layout-constrained\" style=\"border-color:#1a0a2b;border-width:12px;border-top-left-radius:16px;border-top-right-radius:16px;border-bottom-left-radius:16px;border-bottom-right-radius:16px;background-color:#1a0a2b\">\n<p class=\"has-text-align-left has-large-font-size\">Frame by frame:<\/p>\n\n\n\n<figure class=\"wp-block-video alignleft\"><video height=\"1080\" style=\"aspect-ratio: 1920 \/ 1080;\" width=\"1920\" controls src=\"https:\/\/stelly-fc.com\/wp-content\/uploads\/2025\/09\/exemple-tradi.mp4\"><\/video><\/figure>\n\n\n\n<p class=\"has-text-align-left has-small-font-size\">La technique traditionnelle qu&rsquo;utilisait les premiers studio d&rsquo;animation comme Disney. Chaque image est dessin\u00e9e pour donner vie aux personnage. C&rsquo;est la technique qui prend le plus de temps. Mais elle est toujours pratiqu\u00e9e aujourd&rsquo;hui pour son caract\u00e8re authentique et organique. Chaque co\u00fbt de crayon qui compose les images donne cette technique un c\u00f4t\u00e9 chaleureux, ce qui en fait son charme.<\/p>\n<\/div>\n\n\n\n<div class=\"wp-block-group has-border-color has-background has-global-padding is-layout-constrained wp-block-group-is-layout-constrained\" style=\"border-color:#1a0a2b;border-width:12px;border-top-left-radius:16px;border-top-right-radius:16px;border-bottom-left-radius:16px;border-bottom-right-radius:16px;background-color:#1a0a2b\">\n<p class=\"has-large-font-size\">Inbetween: <\/p>\n\n\n\n<figure class=\"wp-block-video\"><video height=\"1080\" style=\"aspect-ratio: 1920 \/ 1080;\" width=\"1920\" controls src=\"https:\/\/stelly-fc.com\/wp-content\/uploads\/2025\/09\/exemple-cutout_1.mp4\"><\/video><\/figure>\n\n\n\n<p class=\"has-small-font-size\">Aussi appel\u00e9e \u00ab\u00a0animation puppet\u00a0\u00bb, c&rsquo;est la technique moderne de l&rsquo;animation 2D. Imaginez une marionnette en papier d\u00e9coup\u00e9e dont vous pouvez bouger et changer ses membres. C&rsquo;est \u00e7a mais r\u00e9alis\u00e9 sur ordinateur! Il faut d&rsquo;abord avoir une marionnette pr\u00eate \u00e0 l&rsquo;utilisation pour pouvoir l&rsquo;animer. C&rsquo;est le r\u00f4le du riggeur. Puis, commence une collaboration entre l&rsquo;humain et la machine: l&rsquo;animateur.rice r\u00e9alise les poses-cl\u00e9s du personnage et le logiciel g\u00e9n\u00e8re les intervalles afin que la marionnette bouge de mani\u00e8re fluide. C&rsquo;est une technique beaucoup utilis\u00e9e aujourd&rsquo;hui car elle permet une production plus rapide.<\/p>\n<\/div>\n<\/div>\n\n\n\n<p><\/p>","protected":false},"excerpt":{"rendered":"<p>300\u20ac\/ jour Soit 150\u20ac par demi journ\u00e9e Pour tout type de vid\u00e9o! Je propose des services en montage vid\u00e9o. Mais pas que! Je peux rendre vos images dynamiques gr\u00e2ce au motion design et animer vos personnages gr\u00e2ce \u00e0 l&rsquo;animation 2D. Montage vid\u00e9o Si vous avez des rushs vid\u00e9os, je peux m&rsquo;occuper du montage afin de [&hellip;]<\/p>\n","protected":false},"author":1,"featured_media":0,"parent":0,"menu_order":0,"comment_status":"closed","ping_status":"closed","template":"","meta":{"footnotes":""},"class_list":["post-195","page","type-page","status-publish","hentry"],"yoast_head":"<!-- This site is optimized with the Yoast SEO plugin v27.1.1 - https:\/\/yoast.com\/product\/yoast-seo-wordpress\/ -->\n<title>Tarif vid\u00e9o - Stelly F-C - Motion design, animation 2D, illustration freelance<\/title>\n<meta name=\"robots\" content=\"index, follow, max-snippet:-1, max-image-preview:large, max-video-preview:-1\" \/>\n<link rel=\"canonical\" href=\"https:\/\/stelly-fc.com\/en\/tarif-video\/\" \/>\n<meta property=\"og:locale\" content=\"en_US\" \/>\n<meta property=\"og:type\" content=\"article\" \/>\n<meta property=\"og:title\" content=\"Tarif vid\u00e9o - Stelly F-C - Motion design, animation 2D, illustration freelance\" \/>\n<meta property=\"og:description\" content=\"300\u20ac\/ jour Soit 150\u20ac par demi journ\u00e9e Pour tout type de vid\u00e9o! Je propose des services en montage vid\u00e9o. Mais pas que! Je peux rendre vos images dynamiques gr\u00e2ce au motion design et animer vos personnages gr\u00e2ce \u00e0 l&rsquo;animation 2D. Montage vid\u00e9o Si vous avez des rushs vid\u00e9os, je peux m&rsquo;occuper du montage afin de [&hellip;]\" \/>\n<meta property=\"og:url\" content=\"https:\/\/stelly-fc.com\/en\/tarif-video\/\" \/>\n<meta property=\"og:site_name\" content=\"Stelly F-C - Motion design, animation 2D, illustration freelance\" \/>\n<meta property=\"article:modified_time\" content=\"2026-02-10T15:40:39+00:00\" \/>\n<meta name=\"twitter:card\" content=\"summary_large_image\" \/>\n<meta name=\"twitter:label1\" content=\"Est. reading time\" \/>\n\t<meta name=\"twitter:data1\" content=\"1 minute\" \/>\n<script type=\"application\/ld+json\" class=\"yoast-schema-graph\">{\"@context\":\"https:\/\/schema.org\",\"@graph\":[{\"@type\":\"WebPage\",\"@id\":\"https:\/\/stelly-fc.com\/tarif-video\/\",\"url\":\"https:\/\/stelly-fc.com\/tarif-video\/\",\"name\":\"Tarif vid\u00e9o - Stelly F-C - Motion design, animation 2D, illustration freelance\",\"isPartOf\":{\"@id\":\"https:\/\/stelly-fc.com\/#website\"},\"datePublished\":\"2025-09-10T09:31:11+00:00\",\"dateModified\":\"2026-02-10T15:40:39+00:00\",\"breadcrumb\":{\"@id\":\"https:\/\/stelly-fc.com\/tarif-video\/#breadcrumb\"},\"inLanguage\":\"en-US\",\"potentialAction\":[{\"@type\":\"ReadAction\",\"target\":[\"https:\/\/stelly-fc.com\/tarif-video\/\"]}]},{\"@type\":\"BreadcrumbList\",\"@id\":\"https:\/\/stelly-fc.com\/tarif-video\/#breadcrumb\",\"itemListElement\":[{\"@type\":\"ListItem\",\"position\":1,\"name\":\"Accueil\",\"item\":\"https:\/\/stelly-fc.com\/\"},{\"@type\":\"ListItem\",\"position\":2,\"name\":\"Tarif vid\u00e9o\"}]},{\"@type\":\"WebSite\",\"@id\":\"https:\/\/stelly-fc.com\/#website\",\"url\":\"https:\/\/stelly-fc.com\/\",\"name\":\"Stelly F-C - Motion design, animation 2D, illustration freelance\",\"description\":\"Mettez en valeur vos projets \u00e0 travers le montage vid\u00e9o et l&#039;illustration!\",\"publisher\":{\"@id\":\"https:\/\/stelly-fc.com\/#organization\"},\"alternateName\":\"Stelly F-C\",\"potentialAction\":[{\"@type\":\"SearchAction\",\"target\":{\"@type\":\"EntryPoint\",\"urlTemplate\":\"https:\/\/stelly-fc.com\/?s={search_term_string}\"},\"query-input\":{\"@type\":\"PropertyValueSpecification\",\"valueRequired\":true,\"valueName\":\"search_term_string\"}}],\"inLanguage\":\"en-US\"},{\"@type\":\"Organization\",\"@id\":\"https:\/\/stelly-fc.com\/#organization\",\"name\":\"Stelly F-C\",\"url\":\"https:\/\/stelly-fc.com\/\",\"logo\":{\"@type\":\"ImageObject\",\"inLanguage\":\"en-US\",\"@id\":\"https:\/\/stelly-fc.com\/#\/schema\/logo\/image\/\",\"url\":\"https:\/\/stelly-fc.com\/wp-content\/uploads\/2024\/09\/logo-2022.png\",\"contentUrl\":\"https:\/\/stelly-fc.com\/wp-content\/uploads\/2024\/09\/logo-2022.png\",\"width\":1500,\"height\":717,\"caption\":\"Stelly F-C\"},\"image\":{\"@id\":\"https:\/\/stelly-fc.com\/#\/schema\/logo\/image\/\"},\"sameAs\":[\"https:\/\/www.linkedin.com\/in\/chala-crz-4607111b4\/\",\"https:\/\/www.instagram.com\/stelly_fc\/\",\"https:\/\/bsky.app\/profile\/stelly-fc.com\",\"https:\/\/www.youtube.com\/@stelly_fc\"]}]}<\/script>\n<!-- \/ Yoast SEO plugin. -->","yoast_head_json":{"title":"Tarif vid\u00e9o - Stelly F-C - Motion design, animation 2D, illustration freelance","robots":{"index":"index","follow":"follow","max-snippet":"max-snippet:-1","max-image-preview":"max-image-preview:large","max-video-preview":"max-video-preview:-1"},"canonical":"https:\/\/stelly-fc.com\/en\/tarif-video\/","og_locale":"en_US","og_type":"article","og_title":"Tarif vid\u00e9o - Stelly F-C - Motion design, animation 2D, illustration freelance","og_description":"300\u20ac\/ jour Soit 150\u20ac par demi journ\u00e9e Pour tout type de vid\u00e9o! Je propose des services en montage vid\u00e9o. Mais pas que! Je peux rendre vos images dynamiques gr\u00e2ce au motion design et animer vos personnages gr\u00e2ce \u00e0 l&rsquo;animation 2D. Montage vid\u00e9o Si vous avez des rushs vid\u00e9os, je peux m&rsquo;occuper du montage afin de [&hellip;]","og_url":"https:\/\/stelly-fc.com\/en\/tarif-video\/","og_site_name":"Stelly F-C - Motion design, animation 2D, illustration freelance","article_modified_time":"2026-02-10T15:40:39+00:00","twitter_card":"summary_large_image","twitter_misc":{"Est. reading time":"1 minute"},"schema":{"@context":"https:\/\/schema.org","@graph":[{"@type":"WebPage","@id":"https:\/\/stelly-fc.com\/tarif-video\/","url":"https:\/\/stelly-fc.com\/tarif-video\/","name":"Tarif vid\u00e9o - Stelly F-C - Motion design, animation 2D, illustration freelance","isPartOf":{"@id":"https:\/\/stelly-fc.com\/#website"},"datePublished":"2025-09-10T09:31:11+00:00","dateModified":"2026-02-10T15:40:39+00:00","breadcrumb":{"@id":"https:\/\/stelly-fc.com\/tarif-video\/#breadcrumb"},"inLanguage":"en-US","potentialAction":[{"@type":"ReadAction","target":["https:\/\/stelly-fc.com\/tarif-video\/"]}]},{"@type":"BreadcrumbList","@id":"https:\/\/stelly-fc.com\/tarif-video\/#breadcrumb","itemListElement":[{"@type":"ListItem","position":1,"name":"Accueil","item":"https:\/\/stelly-fc.com\/"},{"@type":"ListItem","position":2,"name":"Tarif vid\u00e9o"}]},{"@type":"WebSite","@id":"https:\/\/stelly-fc.com\/#website","url":"https:\/\/stelly-fc.com\/","name":"Stelly F-C - Motion design, animation 2D, illustration freelance","description":"Mettez en valeur vos projets \u00e0 travers le montage vid\u00e9o et l&#039;illustration!","publisher":{"@id":"https:\/\/stelly-fc.com\/#organization"},"alternateName":"Stelly F-C","potentialAction":[{"@type":"SearchAction","target":{"@type":"EntryPoint","urlTemplate":"https:\/\/stelly-fc.com\/?s={search_term_string}"},"query-input":{"@type":"PropertyValueSpecification","valueRequired":true,"valueName":"search_term_string"}}],"inLanguage":"en-US"},{"@type":"Organization","@id":"https:\/\/stelly-fc.com\/#organization","name":"Stelly F-C","url":"https:\/\/stelly-fc.com\/","logo":{"@type":"ImageObject","inLanguage":"en-US","@id":"https:\/\/stelly-fc.com\/#\/schema\/logo\/image\/","url":"https:\/\/stelly-fc.com\/wp-content\/uploads\/2024\/09\/logo-2022.png","contentUrl":"https:\/\/stelly-fc.com\/wp-content\/uploads\/2024\/09\/logo-2022.png","width":1500,"height":717,"caption":"Stelly F-C"},"image":{"@id":"https:\/\/stelly-fc.com\/#\/schema\/logo\/image\/"},"sameAs":["https:\/\/www.linkedin.com\/in\/chala-crz-4607111b4\/","https:\/\/www.instagram.com\/stelly_fc\/","https:\/\/bsky.app\/profile\/stelly-fc.com","https:\/\/www.youtube.com\/@stelly_fc"]}]}},"_links":{"self":[{"href":"https:\/\/stelly-fc.com\/en\/wp-json\/wp\/v2\/pages\/195","targetHints":{"allow":["GET"]}}],"collection":[{"href":"https:\/\/stelly-fc.com\/en\/wp-json\/wp\/v2\/pages"}],"about":[{"href":"https:\/\/stelly-fc.com\/en\/wp-json\/wp\/v2\/types\/page"}],"author":[{"embeddable":true,"href":"https:\/\/stelly-fc.com\/en\/wp-json\/wp\/v2\/users\/1"}],"replies":[{"embeddable":true,"href":"https:\/\/stelly-fc.com\/en\/wp-json\/wp\/v2\/comments?post=195"}],"version-history":[{"count":44,"href":"https:\/\/stelly-fc.com\/en\/wp-json\/wp\/v2\/pages\/195\/revisions"}],"predecessor-version":[{"id":507,"href":"https:\/\/stelly-fc.com\/en\/wp-json\/wp\/v2\/pages\/195\/revisions\/507"}],"wp:attachment":[{"href":"https:\/\/stelly-fc.com\/en\/wp-json\/wp\/v2\/media?parent=195"}],"curies":[{"name":"wp","href":"https:\/\/api.w.org\/{rel}","templated":true}]}}