{"id":34,"date":"2024-09-05T19:10:48","date_gmt":"2024-09-05T19:10:48","guid":{"rendered":"https:\/\/stelly-fc.com\/?page_id=34"},"modified":"2026-02-16T17:48:31","modified_gmt":"2026-02-16T16:48:31","slug":"a-propos","status":"publish","type":"page","link":"https:\/\/stelly-fc.com\/en\/a-propos\/","title":{"rendered":"About"},"content":{"rendered":"<figure data-wp-context=\"{&quot;imageId&quot;:&quot;69e3c2800c22f&quot;}\" data-wp-interactive=\"core\/image\" data-wp-key=\"69e3c2800c22f\" class=\"wp-block-image aligncenter size-medium has-custom-border is-style-default wp-lightbox-container\"><img loading=\"lazy\" decoding=\"async\" width=\"300\" height=\"300\" data-wp-class--hide=\"state.isContentHidden\" data-wp-class--show=\"state.isContentVisible\" data-wp-init=\"callbacks.setButtonStyles\" data-wp-on--click=\"actions.showLightbox\" data-wp-on--load=\"callbacks.setButtonStyles\" data-wp-on-window--resize=\"callbacks.setButtonStyles\" src=\"https:\/\/stelly-fc.com\/wp-content\/uploads\/2025\/10\/20251016_1658091-300x300.jpg\" alt=\"\" class=\"wp-image-315\" style=\"border-style:none;border-width:0px;border-radius:0px\" srcset=\"https:\/\/stelly-fc.com\/wp-content\/uploads\/2025\/10\/20251016_1658091-300x300.jpg 300w, https:\/\/stelly-fc.com\/wp-content\/uploads\/2025\/10\/20251016_1658091-1024x1024.jpg 1024w, https:\/\/stelly-fc.com\/wp-content\/uploads\/2025\/10\/20251016_1658091-150x150.jpg 150w, https:\/\/stelly-fc.com\/wp-content\/uploads\/2025\/10\/20251016_1658091-768x768.jpg 768w, https:\/\/stelly-fc.com\/wp-content\/uploads\/2025\/10\/20251016_1658091-1536x1536.jpg 1536w, https:\/\/stelly-fc.com\/wp-content\/uploads\/2025\/10\/20251016_1658091-2048x2048.jpg 2048w, https:\/\/stelly-fc.com\/wp-content\/uploads\/2025\/10\/20251016_1658091-12x12.jpg 12w\" sizes=\"auto, (max-width: 300px) 100vw, 300px\" \/><button\n\t\t\tclass=\"lightbox-trigger\"\n\t\t\ttype=\"button\"\n\t\t\taria-haspopup=\"dialog\"\n\t\t\taria-label=\"Enlarge\"\n\t\t\tdata-wp-init=\"callbacks.initTriggerButton\"\n\t\t\tdata-wp-on--click=\"actions.showLightbox\"\n\t\t\tdata-wp-style--right=\"state.imageButtonRight\"\n\t\t\tdata-wp-style--top=\"state.imageButtonTop\"\n\t\t>\n\t\t\t<svg xmlns=\"http:\/\/www.w3.org\/2000\/svg\" width=\"12\" height=\"12\" fill=\"none\" viewbox=\"0 0 12 12\">\n\t\t\t\t<path fill=\"#fff\" d=\"M2 0a2 2 0 0 0-2 2v2h1.5V2a.5.5 0 0 1 .5-.5h2V0H2Zm2 10.5H2a.5.5 0 0 1-.5-.5V8H0v2a2 2 0 0 0 2 2h2v-1.5ZM8 12v-1.5h2a.5.5 0 0 0 .5-.5V8H12v2a2 2 0 0 1-2 2H8Zm2-12a2 2 0 0 1 2 2v2h-1.5V2a.5.5 0 0 0-.5-.5H8V0h2Z\" \/>\n\t\t\t<\/svg>\n\t\t<\/button><\/figure>\n\n\n\n<p class=\"has-text-align-center\">Hi ! My name is Cha\u00efla a.k.a \"Stelly\". I'm 26 and I'm a motion designer, 2D animator and illustrator. I help small-medium companies have a nicer image through video editing and creating original and beautiful graphics.<\/p>\n\n\n\n<p class=\"has-text-align-center has-medium-font-size\" style=\"border-style:none;border-width:0px\">I've started drawing pretty early. At 9 years old, I drew my own characters. Then at age 11, I made animations on my Nintendo DSi with Flipnote Studio.<\/p>\n\n\n\n<p class=\"has-text-align-center has-medium-font-size\">After getting my bachelor of Fine Arts, I completed my studies with a training course in 2D animation and another in motion design.<\/p>\n\n\n\n<p class=\"has-text-align-center has-medium-font-size\">During two internships, I was able to edit videos for Capgemini and french government's ACMOSS. I was also given motion design projects for Orange and documentaries for France TV.<\/p>","protected":false},"excerpt":{"rendered":"<p>Hello ! Je m&rsquo;appelle Cha\u00efla, alias \u00a0\u00bb Stelly \u00ab\u00a0. J&rsquo;ai 26 ans et je suis motion designer, animatrice 2D et illustratrice. J\u2019aide les petites et moyennes entreprises \u00e0 embellir leur image \u00e0 travers le montage vid\u00e9o et la cr\u00e9ation de graphismes au style beau et original. J\u2019ai commenc\u00e9 \u00e0 dessiner tr\u00e8s jeune. D\u00e8s l\u2019\u00e2ge de [&hellip;]<\/p>\n","protected":false},"author":1,"featured_media":0,"parent":0,"menu_order":0,"comment_status":"closed","ping_status":"closed","template":"","meta":{"footnotes":""},"class_list":["post-34","page","type-page","status-publish","hentry"],"yoast_head":"<!-- This site is optimized with the Yoast SEO plugin v27.1.1 - https:\/\/yoast.com\/product\/yoast-seo-wordpress\/ -->\n<title>\u00c0 propos - Stelly F-C - Motion design, animation 2D, illustration freelance<\/title>\n<meta name=\"robots\" content=\"index, follow, max-snippet:-1, max-image-preview:large, max-video-preview:-1\" \/>\n<link rel=\"canonical\" href=\"https:\/\/stelly-fc.com\/en\/a-propos\/\" \/>\n<meta property=\"og:locale\" content=\"en_US\" \/>\n<meta property=\"og:type\" content=\"article\" \/>\n<meta property=\"og:title\" content=\"\u00c0 propos - Stelly F-C - Motion design, animation 2D, illustration freelance\" \/>\n<meta property=\"og:description\" content=\"Hello ! Je m&rsquo;appelle Cha\u00efla, alias \u00a0\u00bb Stelly \u00ab\u00a0. J&rsquo;ai 26 ans et je suis motion designer, animatrice 2D et illustratrice. J\u2019aide les petites et moyennes entreprises \u00e0 embellir leur image \u00e0 travers le montage vid\u00e9o et la cr\u00e9ation de graphismes au style beau et original. J\u2019ai commenc\u00e9 \u00e0 dessiner tr\u00e8s jeune. D\u00e8s l\u2019\u00e2ge de [&hellip;]\" \/>\n<meta property=\"og:url\" content=\"https:\/\/stelly-fc.com\/en\/a-propos\/\" \/>\n<meta property=\"og:site_name\" content=\"Stelly F-C - Motion design, animation 2D, illustration freelance\" \/>\n<meta property=\"article:modified_time\" content=\"2026-02-16T16:48:31+00:00\" \/>\n<meta property=\"og:image\" content=\"https:\/\/stelly-fc.com\/wp-content\/uploads\/2025\/10\/20251016_1658091.jpg\" \/>\n\t<meta property=\"og:image:width\" content=\"2208\" \/>\n\t<meta property=\"og:image:height\" content=\"2208\" \/>\n\t<meta property=\"og:image:type\" content=\"image\/jpeg\" \/>\n<meta name=\"twitter:card\" content=\"summary_large_image\" \/>\n<script type=\"application\/ld+json\" class=\"yoast-schema-graph\">{\"@context\":\"https:\/\/schema.org\",\"@graph\":[{\"@type\":\"WebPage\",\"@id\":\"https:\/\/stelly-fc.com\/a-propos\/\",\"url\":\"https:\/\/stelly-fc.com\/a-propos\/\",\"name\":\"\u00c0 propos - Stelly F-C - Motion design, animation 2D, illustration freelance\",\"isPartOf\":{\"@id\":\"https:\/\/stelly-fc.com\/#website\"},\"primaryImageOfPage\":{\"@id\":\"https:\/\/stelly-fc.com\/a-propos\/#primaryimage\"},\"image\":{\"@id\":\"https:\/\/stelly-fc.com\/a-propos\/#primaryimage\"},\"thumbnailUrl\":\"https:\/\/stelly-fc.com\/wp-content\/uploads\/2025\/10\/20251016_1658091-300x300.jpg\",\"datePublished\":\"2024-09-05T19:10:48+00:00\",\"dateModified\":\"2026-02-16T16:48:31+00:00\",\"breadcrumb\":{\"@id\":\"https:\/\/stelly-fc.com\/a-propos\/#breadcrumb\"},\"inLanguage\":\"en-US\",\"potentialAction\":[{\"@type\":\"ReadAction\",\"target\":[\"https:\/\/stelly-fc.com\/a-propos\/\"]}]},{\"@type\":\"ImageObject\",\"inLanguage\":\"en-US\",\"@id\":\"https:\/\/stelly-fc.com\/a-propos\/#primaryimage\",\"url\":\"https:\/\/stelly-fc.com\/wp-content\/uploads\/2025\/10\/20251016_1658091-300x300.jpg\",\"contentUrl\":\"https:\/\/stelly-fc.com\/wp-content\/uploads\/2025\/10\/20251016_1658091-300x300.jpg\"},{\"@type\":\"BreadcrumbList\",\"@id\":\"https:\/\/stelly-fc.com\/a-propos\/#breadcrumb\",\"itemListElement\":[{\"@type\":\"ListItem\",\"position\":1,\"name\":\"Accueil\",\"item\":\"https:\/\/stelly-fc.com\/\"},{\"@type\":\"ListItem\",\"position\":2,\"name\":\"\u00c0 propos\"}]},{\"@type\":\"WebSite\",\"@id\":\"https:\/\/stelly-fc.com\/#website\",\"url\":\"https:\/\/stelly-fc.com\/\",\"name\":\"Stelly F-C - Motion design, animation 2D, illustration freelance\",\"description\":\"Mettez en valeur vos projets \u00e0 travers le montage vid\u00e9o et l&#039;illustration!\",\"publisher\":{\"@id\":\"https:\/\/stelly-fc.com\/#organization\"},\"alternateName\":\"Stelly F-C\",\"potentialAction\":[{\"@type\":\"SearchAction\",\"target\":{\"@type\":\"EntryPoint\",\"urlTemplate\":\"https:\/\/stelly-fc.com\/?s={search_term_string}\"},\"query-input\":{\"@type\":\"PropertyValueSpecification\",\"valueRequired\":true,\"valueName\":\"search_term_string\"}}],\"inLanguage\":\"en-US\"},{\"@type\":\"Organization\",\"@id\":\"https:\/\/stelly-fc.com\/#organization\",\"name\":\"Stelly F-C\",\"url\":\"https:\/\/stelly-fc.com\/\",\"logo\":{\"@type\":\"ImageObject\",\"inLanguage\":\"en-US\",\"@id\":\"https:\/\/stelly-fc.com\/#\/schema\/logo\/image\/\",\"url\":\"https:\/\/stelly-fc.com\/wp-content\/uploads\/2024\/09\/logo-2022.png\",\"contentUrl\":\"https:\/\/stelly-fc.com\/wp-content\/uploads\/2024\/09\/logo-2022.png\",\"width\":1500,\"height\":717,\"caption\":\"Stelly F-C\"},\"image\":{\"@id\":\"https:\/\/stelly-fc.com\/#\/schema\/logo\/image\/\"},\"sameAs\":[\"https:\/\/www.linkedin.com\/in\/chala-crz-4607111b4\/\",\"https:\/\/www.instagram.com\/stelly_fc\/\",\"https:\/\/bsky.app\/profile\/stelly-fc.com\",\"https:\/\/www.youtube.com\/@stelly_fc\"]}]}<\/script>\n<!-- \/ Yoast SEO plugin. -->","yoast_head_json":{"title":"\u00c0 propos - Stelly F-C - Motion design, animation 2D, illustration freelance","robots":{"index":"index","follow":"follow","max-snippet":"max-snippet:-1","max-image-preview":"max-image-preview:large","max-video-preview":"max-video-preview:-1"},"canonical":"https:\/\/stelly-fc.com\/en\/a-propos\/","og_locale":"en_US","og_type":"article","og_title":"\u00c0 propos - Stelly F-C - Motion design, animation 2D, illustration freelance","og_description":"Hello ! Je m&rsquo;appelle Cha\u00efla, alias \u00a0\u00bb Stelly \u00ab\u00a0. J&rsquo;ai 26 ans et je suis motion designer, animatrice 2D et illustratrice. J\u2019aide les petites et moyennes entreprises \u00e0 embellir leur image \u00e0 travers le montage vid\u00e9o et la cr\u00e9ation de graphismes au style beau et original. J\u2019ai commenc\u00e9 \u00e0 dessiner tr\u00e8s jeune. D\u00e8s l\u2019\u00e2ge de [&hellip;]","og_url":"https:\/\/stelly-fc.com\/en\/a-propos\/","og_site_name":"Stelly F-C - Motion design, animation 2D, illustration freelance","article_modified_time":"2026-02-16T16:48:31+00:00","og_image":[{"width":2208,"height":2208,"url":"https:\/\/stelly-fc.com\/wp-content\/uploads\/2025\/10\/20251016_1658091.jpg","type":"image\/jpeg"}],"twitter_card":"summary_large_image","schema":{"@context":"https:\/\/schema.org","@graph":[{"@type":"WebPage","@id":"https:\/\/stelly-fc.com\/a-propos\/","url":"https:\/\/stelly-fc.com\/a-propos\/","name":"\u00c0 propos - Stelly F-C - Motion design, animation 2D, illustration freelance","isPartOf":{"@id":"https:\/\/stelly-fc.com\/#website"},"primaryImageOfPage":{"@id":"https:\/\/stelly-fc.com\/a-propos\/#primaryimage"},"image":{"@id":"https:\/\/stelly-fc.com\/a-propos\/#primaryimage"},"thumbnailUrl":"https:\/\/stelly-fc.com\/wp-content\/uploads\/2025\/10\/20251016_1658091-300x300.jpg","datePublished":"2024-09-05T19:10:48+00:00","dateModified":"2026-02-16T16:48:31+00:00","breadcrumb":{"@id":"https:\/\/stelly-fc.com\/a-propos\/#breadcrumb"},"inLanguage":"en-US","potentialAction":[{"@type":"ReadAction","target":["https:\/\/stelly-fc.com\/a-propos\/"]}]},{"@type":"ImageObject","inLanguage":"en-US","@id":"https:\/\/stelly-fc.com\/a-propos\/#primaryimage","url":"https:\/\/stelly-fc.com\/wp-content\/uploads\/2025\/10\/20251016_1658091-300x300.jpg","contentUrl":"https:\/\/stelly-fc.com\/wp-content\/uploads\/2025\/10\/20251016_1658091-300x300.jpg"},{"@type":"BreadcrumbList","@id":"https:\/\/stelly-fc.com\/a-propos\/#breadcrumb","itemListElement":[{"@type":"ListItem","position":1,"name":"Accueil","item":"https:\/\/stelly-fc.com\/"},{"@type":"ListItem","position":2,"name":"\u00c0 propos"}]},{"@type":"WebSite","@id":"https:\/\/stelly-fc.com\/#website","url":"https:\/\/stelly-fc.com\/","name":"Stelly F-C - Motion design, animation 2D, illustration freelance","description":"Mettez en valeur vos projets \u00e0 travers le montage vid\u00e9o et l&#039;illustration!","publisher":{"@id":"https:\/\/stelly-fc.com\/#organization"},"alternateName":"Stelly F-C","potentialAction":[{"@type":"SearchAction","target":{"@type":"EntryPoint","urlTemplate":"https:\/\/stelly-fc.com\/?s={search_term_string}"},"query-input":{"@type":"PropertyValueSpecification","valueRequired":true,"valueName":"search_term_string"}}],"inLanguage":"en-US"},{"@type":"Organization","@id":"https:\/\/stelly-fc.com\/#organization","name":"Stelly F-C","url":"https:\/\/stelly-fc.com\/","logo":{"@type":"ImageObject","inLanguage":"en-US","@id":"https:\/\/stelly-fc.com\/#\/schema\/logo\/image\/","url":"https:\/\/stelly-fc.com\/wp-content\/uploads\/2024\/09\/logo-2022.png","contentUrl":"https:\/\/stelly-fc.com\/wp-content\/uploads\/2024\/09\/logo-2022.png","width":1500,"height":717,"caption":"Stelly F-C"},"image":{"@id":"https:\/\/stelly-fc.com\/#\/schema\/logo\/image\/"},"sameAs":["https:\/\/www.linkedin.com\/in\/chala-crz-4607111b4\/","https:\/\/www.instagram.com\/stelly_fc\/","https:\/\/bsky.app\/profile\/stelly-fc.com","https:\/\/www.youtube.com\/@stelly_fc"]}]}},"_links":{"self":[{"href":"https:\/\/stelly-fc.com\/en\/wp-json\/wp\/v2\/pages\/34","targetHints":{"allow":["GET"]}}],"collection":[{"href":"https:\/\/stelly-fc.com\/en\/wp-json\/wp\/v2\/pages"}],"about":[{"href":"https:\/\/stelly-fc.com\/en\/wp-json\/wp\/v2\/types\/page"}],"author":[{"embeddable":true,"href":"https:\/\/stelly-fc.com\/en\/wp-json\/wp\/v2\/users\/1"}],"replies":[{"embeddable":true,"href":"https:\/\/stelly-fc.com\/en\/wp-json\/wp\/v2\/comments?post=34"}],"version-history":[{"count":14,"href":"https:\/\/stelly-fc.com\/en\/wp-json\/wp\/v2\/pages\/34\/revisions"}],"predecessor-version":[{"id":539,"href":"https:\/\/stelly-fc.com\/en\/wp-json\/wp\/v2\/pages\/34\/revisions\/539"}],"wp:attachment":[{"href":"https:\/\/stelly-fc.com\/en\/wp-json\/wp\/v2\/media?parent=34"}],"curies":[{"name":"wp","href":"https:\/\/api.w.org\/{rel}","templated":true}]}}